{"id":1185,"date":"2018-03-21T11:37:10","date_gmt":"2018-03-21T11:37:10","guid":{"rendered":"http:\/\/www.delamode-romania.com\/en\/?page_id=1185"},"modified":"2026-03-16T13:14:31","modified_gmt":"2026-03-16T13:14:31","slug":"accreditations-and-memberships","status":"publish","type":"page","link":"https:\/\/delamode-romania.com\/ro\/accreditations-and-memberships\/","title":{"rendered":"Acredit\u0103ri \u015fi particip\u0103ri"},"content":{"rendered":"<p><\/p>\n<h3>\u00a0<\/h3>\n<h3>Delamode Romania este certificat\u0103 ISO 9001: 2015<\/h3>\n<ul>\n<li><a href=\"https:\/\/delamode-romania.com\/wp-content\/uploads\/2026\/03\/ISO-9001-DELAMODE_2023-2026-1.pdf\" target=\"_blank\" rel=\"noopener\">Delamode Romania este certificat\u0103 ISO 9001: 2015<\/a>\u00a0<\/li>\n<\/ul>\n<h3>Delamode Romania este certificat\u0103 ISO 14001: 2015<\/h3>\n<ul>\n<li>Delamode Romania este certificat\u0103 <a href=\"https:\/\/delamode-romania.com\/wp-content\/uploads\/2026\/03\/ISO-14001-DELAMODE_2024-2027.pdf\">ISO 14001:2015\u00a0<\/a><\/li>\n<\/ul>\n<h3>Delamode Romania este membru al re\u0163elei IFA<\/h3>\n<p>IFA a fost \u00eenfiin\u0163at\u0103 \u00een anul 1992 \u015fi a devenit o re\u0163ea stabil\u0103 cu peste 50 de expeditori mici \u015fi mijlocii din Europa. Organiza\u0163ia este o re\u0163ea recunoscut\u0103 de mul\u0163i ani \u00een industria de transport \u015fi logistic\u0103 din Europa, \u015fi este renumit\u0103 pentru oferta excelent\u0103 de servicii logistice, at\u00e2t pentru clien\u0163ii, c\u00e2t \u015fi pentru membrii acesteia.<\/p>\n<h3>Membru Arilog<\/h3>\n<p>ARILOG este o organizatie voluntara, profesionala si educationala non-profit, care isi propune promovarea si dezvoltarea stiintei si tehnicilor de Logistica si Supply Chain in toate companiile romanesti indiferent de industrie precum si cresterea vizibilitatii acesteia in peisajul economic romanesc si international.<\/p>\n<p><\/p>","protected":false},"excerpt":{"rendered":"<p>\u00a0 Delamode Romania este certificat\u0103 ISO 9001: 2015 Delamode Romania este certificat\u0103 ISO 9001: 2015\u00a0 Delamode Romania este certificat\u0103 ISO 14001: 2015 Delamode Romania este certificat\u0103 ISO 14001:2015\u00a0 Delamode Romania este membru al re\u0163elei IFA IFA a fost \u00eenfiin\u0163at\u0103 \u00een anul 1992 \u015fi a devenit o re\u0163ea stabil\u0103 cu peste 50 de expeditori mici \u015fi [&hellip;]<\/p>\n","protected":false},"author":1,"featured_media":0,"parent":0,"menu_order":0,"comment_status":"closed","ping_status":"closed","template":"","meta":{"om_disable_all_campaigns":false,"_monsterinsights_skip_tracking":false,"_monsterinsights_sitenote_active":false,"_monsterinsights_sitenote_note":"","_monsterinsights_sitenote_category":0,"_uf_show_specific_survey":0,"_uf_disable_surveys":false},"acf":[],"aioseo_notices":[],"_links":{"self":[{"href":"https:\/\/delamode-romania.com\/ro\/wp-json\/wp\/v2\/pages\/1185"}],"collection":[{"href":"https:\/\/delamode-romania.com\/ro\/wp-json\/wp\/v2\/pages"}],"about":[{"href":"https:\/\/delamode-romania.com\/ro\/wp-json\/wp\/v2\/types\/page"}],"author":[{"embeddable":true,"href":"https:\/\/delamode-romania.com\/ro\/wp-json\/wp\/v2\/users\/1"}],"replies":[{"embeddable":true,"href":"https:\/\/delamode-romania.com\/ro\/wp-json\/wp\/v2\/comments?post=1185"}],"version-history":[{"count":25,"href":"https:\/\/delamode-romania.com\/ro\/wp-json\/wp\/v2\/pages\/1185\/revisions"}],"predecessor-version":[{"id":2455,"href":"https:\/\/delamode-romania.com\/ro\/wp-json\/wp\/v2\/pages\/1185\/revisions\/2455"}],"wp:attachment":[{"href":"https:\/\/delamode-romania.com\/ro\/wp-json\/wp\/v2\/media?parent=1185"}],"curies":[{"name":"wp","href":"https:\/\/api.w.org\/{rel}","templated":true}]}}