{"id":2427,"date":"2023-12-12T12:31:37","date_gmt":"2023-12-12T12:31:37","guid":{"rendered":"http:\/\/www.delamode-romania.com\/en\/?page_id=2427"},"modified":"2023-12-19T13:21:29","modified_gmt":"2023-12-19T13:21:29","slug":"informare-privind-protectia-avertizorilor-in-interes-public","status":"publish","type":"page","link":"https:\/\/delamode-romania.com\/ro\/informare-privind-protectia-avertizorilor-in-interes-public\/","title":{"rendered":"Informare privind protec\u021bia avertizorilor \u00een interes public"},"content":{"rendered":"<p><\/p>\n<p><a href=\"http:\/\/www.delamode-romania.com\/wp-content\/uploads\/2023\/12\/Informare-Legea-nr.-361-din-2022-privind-protectia-avertizorilor-in-interes-public.pdf\"><strong>INFORMARE PRIVIND PROTEC\u021aIA AVERTIZORILOR \u00ceN INTERES PUBLIC<\/strong><\/a><\/p>\n<p>Subscrisa, S.C. DELAMODE ROMANIA S.R.L., persoana juridica rom\u00e2na, cu sediul \u00een Bdul Timisoara, nr. 4A, et. 1, Sector 6, Municipiul Bucuresti, avand Cod fiscal RO 6322498, inregistrata la Oficiul Registrului Comertului de pe langa Tribunalul Bucuresti sub nr. J40\/19134\/1994, prin prezenta va aducem la cunostinta urmatoarele:<\/p>\n<p>\u00cen conformitate cu prevederile Legii nr. 361\/2022 privind protec\u021bia avertizorilor de interes public, dl Dan-Marian Cretu, a fost desemnat ca Ofiter de Conformitate, fiind persoana responsabil\u0103 cu primirea, \u00eenregistrarea, examinarea, efectuarea de ac\u021biuni subsecvente \u0219i solu\u021bionarea raport\u0103rilor \u00een interes public, referitoare la \u00eenc\u0103lc\u0103ri ale legii \u00een cadrul societatii noastre.<\/p>\n<p>Raportarea privind \u00eenc\u0103lc\u0103ri ale legii se efectueaz\u0103 la nivelul societatii noastre prin intermediul canalelor interne de raportare existente, astfel:<\/p>\n<ul>\n<li>Prin e-mail, la adresa: dan.cretu@delamode-group.com<\/li>\n<li>Telefonic, la num\u0103rul 0735.009.008. Cu acordul dvs prealabil, conversa\u021bia va fi \u00eenregistrat\u0103. Poate fi accesata si functia de mesagerie vocala;<\/li>\n<li>Prin coresponden\u021b\u0103 po\u0219tal\u0103, la sediul societatii (Bdul Timisoara nr. 4A, etaj 1, Sector 6, Bucuresti, Romania) \u00een aten\u021bia dlui Dan-Marian Cretu, urmand ca plicul s\u0103 fie sigilat \u0219i marcat confiden\u021bial, cu men\u021biunea \u201dRaportare conform prevederilor Legii nr. 361\/2022, privind protec\u021bia avertizorilor \u00een interes public\u201d;<\/li>\n<li>Personal, prin prezen\u021ba la sediul societatii (de preferat cu programare prealabil\u0103 efectuat\u0103 la telefon sau e-mail).<\/li>\n<\/ul>\n<p>Precizam ca sunt primite si verificate si raportarile anonime primate pe canalele de raportare de mai sus care permit pastrarea anonimitatii.<\/p>\n<p><strong>Care sunt persoanele care pot efectua raport\u0103ri?<\/strong><\/p>\n<p>Procedura de raportare se adreseaza tuturor salariatilor, tuturor clientilor, precum si oricarei persoane care furnizeaza un serviciu si care are un contract de prestari servicii incheiat cu Delamode Romania S.R.L.<\/p>\n<p><strong>Ce se \u00een\u021belege prin expresia \u201e\u00cenc\u0103lc\u0103ri ale legii\u201d?<\/strong><\/p>\n<p>\u00cenc\u0103lc\u0103ri ale legii, conform art.3 pct.1 din Legea nr.361\/2022, reprezint\u0103 fapte care constau \u00eentr-o ac\u021biune sau inac\u021biune care constituie nerespect\u0103ri ale dispozi\u021biilor legale, care privesc domenii cum ar fi achizi\u021biile publice, serviciile, produsele \u0219i pie\u021bele financiare, precum \u0219i prevenirea sp\u0103l\u0103rii banilor \u0219i a finan\u021b\u0103rii terorismului, siguran\u021ba \u0219i conformitatea produselor, siguran\u021ba transportului, protec\u021bia mediului, protec\u021bia radiologic\u0103 \u0219i siguran\u021ba nuclear\u0103, siguran\u021ba alimentelor \u0219i a hranei pentru animale, s\u0103n\u0103tatea \u0219i bun\u0103starea animalelor, s\u0103n\u0103tatea public\u0103, protec\u021bia consumatorilor, protec\u021bia vie\u021bii private \u0219i a datelor cu caracter personal \u0219i a securit\u0103\u021bii re\u021belelor \u0219i sistemelor informatice, prev\u0103zute \u00een anexa nr. 2 la Legea nr.361\/2022, \u00eenc\u0103lc\u0103ri care aduc atingere intereselor financiare ale Uniunii Europene, astfel cum sunt men\u021bionate la art.325 din Tratatul privind func\u021bionarea Uniunii Europene \u0219i cum sunt detaliate \u00een m\u0103surile relevante ale Uniunii Europene, \u00eenc\u0103lc\u0103ri referitoare la pia\u021ba intern\u0103, men\u021bionate la art. 26 alin. (2) din Tratatul privind func\u021bionarea Uniunii Europene, inclusiv \u00eenc\u0103lc\u0103ri ale normelor Uniunii Europene \u00een materie de concuren\u021b\u0103 \u0219i de ajutoare de stat, precum \u0219i \u00eenc\u0103lc\u0103ri referitoare la pia\u021ba intern\u0103 \u00een ceea ce prive\u0219te actele care \u00eencalc\u0103 normele privind impozitarea societ\u0103\u021bilor sau mecanismele al c\u0103ror scop este ob\u021binerea unui avantaj fiscal ce contravine obiectului sau scopului dreptului aplicabil \u00een materie de impozitare a societ\u0103\u021bilor, ce reprezint\u0103 abateri disciplinare, contraven\u021bii sau infrac\u021biuni, sau care contravin obiectului sau scopului legii.<\/p>\n<p><strong>Ce trebuie s\u0103 cuprind\u0103 raportarea?<\/strong><\/p>\n<p>Raportarea cuprinde, cel pu\u021bin, urm\u0103toarele:<\/p>\n<ul>\n<li>Descrierea faptei susceptibile s\u0103 constituie \u00eenc\u0103lcare a legii \u00een cadrul entit\u0103\u021bii publice sau private;<\/li>\n<li>Probele \u00een sus\u021binerea raport\u0103rii;<\/li>\n<li>Numele \u0219i prenumele, datele de contact ale avertizorului \u00een interes public, contextul profesional \u00een care au fost ob\u021binute informa\u021biile, persoana vizat\u0103, dac\u0103 este cunoscut\u0103, data \u0219i semn\u0103tura.<\/li>\n<\/ul>\n<p>Observatii:<\/p>\n<p>Raportarile anonime vor cuprinde datele prevazute la primele doua puncta de mai sus.<\/p>\n<p>Datele cu caracter personal cuprinse \u00een raportare vor fi prelucrate numai \u00een scopul pentru care au fost furnizate, cu respectarea prevederilor Regulamentului 2016\/679 privind protec\u0163ia persoanelor fizice \u00een ceea ce prive\u015fte prelucrarea datelor cu caracter personal \u0219i privind libera circula\u021bie a acestor date.<\/p>\n<p><strong>\u00a0<\/strong><\/p>\n<p><strong>Ce se \u00eent\u00e2mpl\u0103 \u00een cazul unei raport\u0103ri nereale?<\/strong><\/p>\n<p>Raportarea informa\u021biilor privind \u00eenc\u0103lc\u0103ri ale legii, constituie contraven\u021bie \u0219i se sanc\u021bioneaz\u0103 cu amend\u0103 de la 2.500 lei la 30.000 lei, dac\u0103 fapta nu a fost s\u0103v\u00e2r\u0219it\u0103 \u00een astfel de condi\u021bii \u00eenc\u00e2t s\u0103 fie considerat\u0103, potrivit legii, infrac\u021biune.<\/p>\n<p><strong>Care sunt diferen\u021bele dintre raportarea anonim\u0103 \u0219i raportarea nominal\u0103?<\/strong><\/p>\n<p>Un avertizor \u00een interes public poate realiza raportarea nominal sau anonim. Din punct de vedere procedural, principalele diferen\u021be \u00eentre cele 2 modalit\u0103\u021bi de raportare sunt:<\/p>\n<ul>\n<li>Raportarea anonim\u0103 nu poate fi \u00eembun\u0103t\u0103\u021bit\u0103 prin oferirea ulterioar\u0103 de indicii temeinice, \u00een timp ce raportarea care cuprinde datele de identificare ale avertizorului poate fi \u00eembun\u0103t\u0103\u021bit\u0103 prin comunicare ulterioar\u0103 \u00eentre persoana desemnat\u0103 \u0219i avertizorul \u00een interes public;<\/li>\n<li>Persoana care raporteaz\u0103 \u00eenc\u0103lc\u0103ri ale legii \u00een mod anonim nu poate beneficia de exonerare \u0219i protec\u021bie \u00een conformitate cu prevederile Legii nr. 361\/2022;<\/li>\n<li>Persoana care raporteaz\u0103 \u00eenc\u0103lc\u0103ri ale legii \u00een mod anonim nu poate fi \u00een\u0219tiin\u021bat\u0103 cu privire la \u00eenregistrarea raport\u0103rii, progresul \u00eenregistrat \u0219i modalitatea de solu\u021bionare.<\/li>\n<\/ul>\n<p><strong>\u00a0<\/strong><\/p>\n<p><strong>C\u00e2nd intervine clasarea raport\u0103rii interne?<\/strong><\/p>\n<p>Raportarea se claseaz\u0103 atunci c\u00e2nd:<\/p>\n<ol>\n<li>a) nu con\u021bine elementele prev\u0103zute la art. 6, altele dec\u00e2t datele de identificare a avertizorului \u00een interes public, iar persoana desemnat\u0103 a solicitat completarea acesteia \u00een termen de 15 zile, f\u0103r\u0103 ca aceast\u0103 obliga\u021bie s\u0103 fie \u00eendeplinit\u0103;<\/li>\n<li>b) raportarea este transmis\u0103 anonim \u0219i nu con\u021bine suficiente informa\u021bii referitoare la \u00eenc\u0103lc\u0103ri ale legii, care s\u0103 permit\u0103 analizarea \u0219i solu\u021bionarea raport\u0103rii, iar persoana desemnat\u0103 a solicitat completarea acesteia \u00een termen de 15 zile, f\u0103r\u0103 ca aceast\u0103 obliga\u021bie s\u0103 fie \u00eendeplinit\u0103.(2) \u00cen situa\u021bia prev\u0103zut\u0103 la alin. (1) lit. a), solu\u021bia de clasare se comunic\u0103 avertizorului \u00een interes public, cu indicarea temeiului legal.(3) \u00cen cazul \u00een care o persoan\u0103 face mai multe raport\u0103ri cu acela\u0219i obiect, acestea se conexeaz\u0103, avertizorul \u00een interes public urm\u00e2nd s\u0103 primeasc\u0103 o singur\u0103 informare. Dac\u0103 dup\u0103 trimiterea acesteia se prime\u0219te o nou\u0103 raportare cu acela\u0219i obiect, f\u0103r\u0103 a prezenta informa\u021bii suplimentare care s\u0103 justifice o ac\u021biune subsecvent\u0103 diferit\u0103, aceasta se claseaz\u0103.(4) Persoana desemnat\u0103 \u00een conformitate cu art. 10 alin. (1) lit. c) poate decide \u00eencheierea procedurii dac\u0103 dup\u0103 examinarea raport\u0103rii se constat\u0103 c\u0103 este o \u00eenc\u0103lcare \u00een mod clar minor\u0103 \u0219i nu necesit\u0103 ac\u021biuni subsecvente suplimentare, altele dec\u00e2t \u00eenchiderea procedurii. Aceast\u0103 prevedere nu aduce atingere obliga\u021biei de a p\u0103stra confiden\u021bialitatea, de a informa avertizorul \u00een interes public \u0219i nu aduce atingere nici altor obliga\u021bii sau altor proceduri aplicabile de remediere a \u00eenc\u0103lc\u0103rii raportate.(5) Solu\u021bia de clasare se comunic\u0103 avertizorului \u00een interes public, cu indicarea temeiului legal.<\/li>\n<\/ol>\n<p>&nbsp;<\/p>\n<p><\/p>","protected":false},"excerpt":{"rendered":"<p>INFORMARE PRIVIND PROTEC\u021aIA AVERTIZORILOR \u00ceN INTERES PUBLIC Subscrisa, S.C. DELAMODE ROMANIA S.R.L., persoana juridica rom\u00e2na, cu sediul \u00een Bdul Timisoara, nr. 4A, et. 1, Sector 6, Municipiul Bucuresti, avand Cod fiscal RO 6322498, inregistrata la Oficiul Registrului Comertului de pe langa Tribunalul Bucuresti sub nr. J40\/19134\/1994, prin prezenta va aducem la cunostinta urmatoarele: \u00cen conformitate [&hellip;]<\/p>\n","protected":false},"author":2,"featured_media":0,"parent":0,"menu_order":0,"comment_status":"closed","ping_status":"closed","template":"pages\/page_side.php","meta":{"om_disable_all_campaigns":false,"_monsterinsights_skip_tracking":false,"_monsterinsights_sitenote_active":false,"_monsterinsights_sitenote_note":"","_monsterinsights_sitenote_category":0,"_uf_show_specific_survey":0,"_uf_disable_surveys":false},"acf":[],"aioseo_notices":[],"_links":{"self":[{"href":"https:\/\/delamode-romania.com\/ro\/wp-json\/wp\/v2\/pages\/2427"}],"collection":[{"href":"https:\/\/delamode-romania.com\/ro\/wp-json\/wp\/v2\/pages"}],"about":[{"href":"https:\/\/delamode-romania.com\/ro\/wp-json\/wp\/v2\/types\/page"}],"author":[{"embeddable":true,"href":"https:\/\/delamode-romania.com\/ro\/wp-json\/wp\/v2\/users\/2"}],"replies":[{"embeddable":true,"href":"https:\/\/delamode-romania.com\/ro\/wp-json\/wp\/v2\/comments?post=2427"}],"version-history":[{"count":5,"href":"https:\/\/delamode-romania.com\/ro\/wp-json\/wp\/v2\/pages\/2427\/revisions"}],"predecessor-version":[{"id":2437,"href":"https:\/\/delamode-romania.com\/ro\/wp-json\/wp\/v2\/pages\/2427\/revisions\/2437"}],"wp:attachment":[{"href":"https:\/\/delamode-romania.com\/ro\/wp-json\/wp\/v2\/media?parent=2427"}],"curies":[{"name":"wp","href":"https:\/\/api.w.org\/{rel}","templated":true}]}}