{"id":36,"date":"2017-08-31T06:03:26","date_gmt":"2017-08-31T06:03:26","guid":{"rendered":"http:\/\/www.delamode-romania.com\/en\/?page_id=36"},"modified":"2018-06-19T12:17:47","modified_gmt":"2018-06-19T12:17:47","slug":"career","status":"publish","type":"page","link":"https:\/\/delamode-romania.com\/ro\/career\/","title":{"rendered":"Cariere"},"content":{"rendered":"<p><\/p>\n<h3>Delamode este promisiunea unei cariere plin\u0103 de satisfac\u021bii<\/h3>\n<p>La Delamode Romania, nu ave\u021bi doar un loc de munc\u0103 \u2013 a\u021bi o carier\u0103. Pasiunea \u0219i implicarea \u00een ceea ce face\u021bi v\u0103 va\u00a0 men\u021bine pe drumul spre succes. Colegii dumneavoastr\u0103\u00a0\u00a0 vor fi acolo, al\u0103turi de dumneavoastr\u0103, \u00een c\u0103l\u0103toria spre succes. Munca \u00een echip\u0103 \u0219i rela\u021biile dintre oameni sunt cele care \u00a0sus\u021bin succesul echipei noastre. \u0218ansa de a lucra cu prieteni, de a vi se asculta dorin\u021bele \u0219i de a fi \u00eendrumat de persoane care doresc cu adev\u0103rat s\u0103 v\u0103 vad\u0103 evolu\u00e2nd fac ca fiecare zi v\u0103 aduc\u0103 satisfac\u021bii.<\/p>\n<h3>Pasiune. Energie. Entuziasm. Determinare<\/h3>\n<p>Suntem \u00eentotdeauna \u00een c\u0103utare de persoane care doresc s\u0103 fac\u0103 diferen\u021ba \u0219i care pot ad\u0103uga valoare organiza\u021biei noastre.<\/p>\n<p>\u00cen\u021belegem c\u0103 succesul se bazeaz\u0103 pe angajarea unei echipe devotate, motivate \u0219i instruite de profesioni\u0219ti. Credem c\u0103 fiecare dintre membrii personalului nostru de\u021bine un rol cheie de \u00eendeplinit \u00een dezvoltarea noastr\u0103, ca \u0219i companie. \u00a0De aceea, furniz\u0103m o instruire specific\u0103 locului de munc\u0103 \u0219i oferim oportunit\u0103\u021bi excelente pentru ca angaja\u021bii no\u0219tri s\u0103 urmeze o cariere plin\u0103 de satisfac\u021bii \u0219i succes.<\/p>\n<p><\/p>","protected":false},"excerpt":{"rendered":"<p>Delamode este promisiunea unei cariere plin\u0103 de satisfac\u021bii La Delamode Romania, nu ave\u021bi doar un loc de munc\u0103 \u2013 a\u021bi o carier\u0103. Pasiunea \u0219i implicarea \u00een ceea ce face\u021bi v\u0103 va\u00a0 men\u021bine pe drumul spre succes. Colegii dumneavoastr\u0103\u00a0\u00a0 vor fi acolo, al\u0103turi de dumneavoastr\u0103, \u00een c\u0103l\u0103toria spre succes. Munca \u00een echip\u0103 \u0219i rela\u021biile dintre oameni [&hellip;]<\/p>\n","protected":false},"author":1,"featured_media":38,"parent":0,"menu_order":0,"comment_status":"closed","ping_status":"closed","template":"pages\/career.php","meta":{"om_disable_all_campaigns":false,"_monsterinsights_skip_tracking":false,"_monsterinsights_sitenote_active":false,"_monsterinsights_sitenote_note":"","_monsterinsights_sitenote_category":0,"_uf_show_specific_survey":0,"_uf_disable_surveys":false},"acf":[],"aioseo_notices":[],"_links":{"self":[{"href":"https:\/\/delamode-romania.com\/ro\/wp-json\/wp\/v2\/pages\/36"}],"collection":[{"href":"https:\/\/delamode-romania.com\/ro\/wp-json\/wp\/v2\/pages"}],"about":[{"href":"https:\/\/delamode-romania.com\/ro\/wp-json\/wp\/v2\/types\/page"}],"author":[{"embeddable":true,"href":"https:\/\/delamode-romania.com\/ro\/wp-json\/wp\/v2\/users\/1"}],"replies":[{"embeddable":true,"href":"https:\/\/delamode-romania.com\/ro\/wp-json\/wp\/v2\/comments?post=36"}],"version-history":[{"count":9,"href":"https:\/\/delamode-romania.com\/ro\/wp-json\/wp\/v2\/pages\/36\/revisions"}],"predecessor-version":[{"id":1392,"href":"https:\/\/delamode-romania.com\/ro\/wp-json\/wp\/v2\/pages\/36\/revisions\/1392"}],"wp:featuredmedia":[{"embeddable":true,"href":"https:\/\/delamode-romania.com\/ro\/wp-json\/wp\/v2\/media\/38"}],"wp:attachment":[{"href":"https:\/\/delamode-romania.com\/ro\/wp-json\/wp\/v2\/media?parent=36"}],"curies":[{"name":"wp","href":"https:\/\/api.w.org\/{rel}","templated":true}]}}