{"id":45,"date":"2017-08-31T07:08:11","date_gmt":"2017-08-31T07:08:11","guid":{"rendered":"http:\/\/www.delamode-romania.com\/en\/?page_id=45"},"modified":"2020-04-14T17:20:35","modified_gmt":"2020-04-14T17:20:35","slug":"about-xpediator","status":"publish","type":"page","link":"https:\/\/delamode-romania.com\/ro\/about-xpediator\/","title":{"rendered":"Despre Xpediator Plc"},"content":{"rendered":"<p><\/p>\n<h2><span lang=\"RO\">Despre Xpediator Plc<\/span><\/h2>\n<p><span lang=\"RO\">Xpediator Plc este societatea-mam\u0103 pentru Grupul de societ\u0103\u021bi Xpediator, aflat pe pia\u021b\u0103 sub mai multe m\u0103rci. Compania original\u0103, intrat\u0103 pe pia\u021b\u0103 sub numele de \u201eDelamode\u201d, a fost fondat\u0103 \u00een 1988 de c\u0103tre Stephen Blyth (Director General al Grupului), oferind servicii de transport \u00een Marea Britanie. Ast\u0103zi, re\u021beaua interna\u021bional\u0103 de sucursale a Grupului a crescut \u0219i ofer\u0103 servicii rutiere, navale \u0219i aeriene, \u00eempreun\u0103 cu logistic\u0103 \u0219i \u00eenmagazinare \u00een Marea Britanie \u0219i Rom\u00e2nia. <\/span><\/p>\n<p><span lang=\"RO\">Xpediator are o prezen\u021b\u0103 sporit\u0103 pe pie\u021bele din statele Europei Centrale \u0219i de Est (CEE) \u0219i statele baltice. Actualmente, Grupul nostru are peste 1000 de angaja\u021bi, cu sedii opera\u021bionale \u00een Braintree, Essex, \u0219i sucursale de \u021bar\u0103 \u00een Bulgaria, Lituania, Estonia, Macedonia, Muntenegru, Moldova, Rom\u00e2nia \u0219i Serbia, oferind servicii pe un total de 38 de loca\u021bii.<\/span><\/p>\n<p><span lang=\"RO\">Grupul opereaz\u0103 \u00een cadrul a trei sectoare de activitate comercial\u0103, care sunt administrare independent \u0219i zilnic, dar care sunt coordonate de la centru prin serviciile de v\u00e2nz\u0103ri \u00eencruci\u0219ate c\u0103tre baza de clien\u021bi a Grupului:<\/span><\/p>\n<ul>\n<li><span lang=\"RO\">Comisionar vamal: oper\u00e2nd sub umbrela m\u0103rcilor Delamode, Anglia Forwarding, Benfleet, Regional Express \u0219i EshopWedrop, cu specializare istoric\u0103 \u00een rutele de Marea Britanie \u0219i Europa Central\u0103 \u0219i de Est<\/span><\/li>\n<li><span lang=\"RO\">Logistic\u0103 \u0219i \u00eenmagazinare: cuprinz\u00e2nd centrele de interes pe livrare \u0219i logistic\u0103 din Marea Britanie, Bulgaria \u0219i Rom\u00e2nia, oper\u00e2nd sub umbrela m\u0103rcilor Delamode, EMT \u0219i Pall-Ex<\/span><\/li>\n<li><span lang=\"RO\">Servicii de transport: incluz\u00e2nd carduri combinate de combustibil \u0219i taxe, predomin\u00e2nd \u00een Rom\u00e2nia, dar \u0219i Serbia, Macedonia \u0219i Muntenegru, oper\u00e2nd sub umbrela m\u0103rcii Affinity Transport Solutions.<\/span><\/li>\n<\/ul>\n<p><\/p>","protected":false},"excerpt":{"rendered":"<p>Despre Xpediator Plc Xpediator Plc este societatea-mam\u0103 pentru Grupul de societ\u0103\u021bi Xpediator, aflat pe pia\u021b\u0103 sub mai multe m\u0103rci. Compania original\u0103, intrat\u0103 pe pia\u021b\u0103 sub numele de \u201eDelamode\u201d, a fost fondat\u0103 \u00een 1988 de c\u0103tre Stephen Blyth (Director General al Grupului), oferind servicii de transport \u00een Marea Britanie. Ast\u0103zi, re\u021beaua interna\u021bional\u0103 de sucursale a Grupului [&hellip;]<\/p>\n","protected":false},"author":1,"featured_media":0,"parent":0,"menu_order":0,"comment_status":"closed","ping_status":"closed","template":"pages\/xpediator.php","meta":{"om_disable_all_campaigns":false,"_monsterinsights_skip_tracking":false,"_monsterinsights_sitenote_active":false,"_monsterinsights_sitenote_note":"","_monsterinsights_sitenote_category":0,"_uf_show_specific_survey":0,"_uf_disable_surveys":false},"acf":[],"aioseo_notices":[],"_links":{"self":[{"href":"https:\/\/delamode-romania.com\/ro\/wp-json\/wp\/v2\/pages\/45"}],"collection":[{"href":"https:\/\/delamode-romania.com\/ro\/wp-json\/wp\/v2\/pages"}],"about":[{"href":"https:\/\/delamode-romania.com\/ro\/wp-json\/wp\/v2\/types\/page"}],"author":[{"embeddable":true,"href":"https:\/\/delamode-romania.com\/ro\/wp-json\/wp\/v2\/users\/1"}],"replies":[{"embeddable":true,"href":"https:\/\/delamode-romania.com\/ro\/wp-json\/wp\/v2\/comments?post=45"}],"version-history":[{"count":6,"href":"https:\/\/delamode-romania.com\/ro\/wp-json\/wp\/v2\/pages\/45\/revisions"}],"predecessor-version":[{"id":1595,"href":"https:\/\/delamode-romania.com\/ro\/wp-json\/wp\/v2\/pages\/45\/revisions\/1595"}],"wp:attachment":[{"href":"https:\/\/delamode-romania.com\/ro\/wp-json\/wp\/v2\/media?parent=45"}],"curies":[{"name":"wp","href":"https:\/\/api.w.org\/{rel}","templated":true}]}}