{"id":49,"date":"2017-08-31T07:23:53","date_gmt":"2017-08-31T07:23:53","guid":{"rendered":"http:\/\/www.delamode-romania.com\/en\/?page_id=49"},"modified":"2024-03-26T07:53:57","modified_gmt":"2024-03-26T07:53:57","slug":"abous-us","status":"publish","type":"page","link":"https:\/\/delamode-romania.com\/ro\/abous-us\/","title":{"rendered":"Despre Delamode Romania"},"content":{"rendered":"<p><\/p>\n<h3>Conectarea Rom\u00e2niei cu restul lumii Prin solu\u021bii progresiste de transport \u0219i logistic\u0103<\/h3>\n<p><img decoding=\"async\" loading=\"lazy\" class=\"aligncenter size-full wp-image-1321\" src=\"http:\/\/www.delamode-romania.com\/wp-content\/uploads\/2018\/06\/Vital-link_800px.jpg\" alt=\"\" width=\"800\" height=\"379\" srcset=\"https:\/\/delamode-romania.com\/wp-content\/uploads\/2018\/06\/Vital-link_800px.jpg 800w, https:\/\/delamode-romania.com\/wp-content\/uploads\/2018\/06\/Vital-link_800px-300x142.jpg 300w, https:\/\/delamode-romania.com\/wp-content\/uploads\/2018\/06\/Vital-link_800px-768x364.jpg 768w, https:\/\/delamode-romania.com\/wp-content\/uploads\/2018\/06\/Vital-link_800px-179x85.jpg 179w\" sizes=\"(max-width: 800px) 100vw, 800px\" \/><\/p>\n<p>Delamode Romania, o divizie a <a href=\"http:\/\/www.delamode-group.com\">Grupului Delamode<\/a>, este un furnizor dinamic de servicii de administrare a transporturilor de m\u0103rfuri, furniz\u00e2nd solu\u021bii de \u00eembun\u0103t\u0103\u021bire a lan\u021bului de aprovizionare \u0219i eficientizarea costurilor de logistic\u0103 pentru clien\u021bii no\u0219tri.<\/p>\n<p>Cu birouri \u0219i 9 depozite situate pe teritoriul Rom\u00e2niei \u0219i de\u021bin\u00e2nd o re\u021bea Delamode de birouri de contact \u00een toat\u0103 Europa, Delamode Romania este cu adev\u0103rat partenerul dumneavoastr\u0103 perfect pentru transport interna\u021bional \u0219i servicii de logistic\u0103.<\/p>\n<p>Succesul nostru const\u0103 \u00een capacitatea \u0219i pasiunea colectiv\u0103 a angaja\u021bilor no\u0219tri \u0219i angajamentul nostru pentru livrarea \u0219i gestionarea solu\u021biilor de transport \u0219i logistic\u0103 pentru clien\u021bii no\u0219tri care eficientizeaz\u0103 re\u021beaua de aprovizionare, cu reducerea nivelurilor de costuri.<\/p>\n<p><span style=\"color: #034ea2;\"><strong>Serviciile noastre<\/strong><\/span><\/p>\n<ul>\n<li>servicii de grupaj la nivel european<\/li>\n<li>\u00eenc\u0103rc\u0103ri par\u021biale \u0219i totale (Moldova \u0219i Europa)<\/li>\n<li>Distribu\u021bie local\u0103<\/li>\n<li>servicii integrate de logistic\u0103 \u0219i depozitare<\/li>\n<li>realizarea de opera\u021biuni de comer\u021b electronic<\/li>\n<li>servicii de transport aerian \u0219i maritim de m\u0103rfuri<\/li>\n<li>opera\u021biuni vamale<\/li>\n<\/ul>\n<p><span style=\"color: #034ea2;\"><strong>Transportul dumneavoastr\u0103 se afl\u0103 \u00een m\u00e2ini sigure \u00a0<\/strong><\/span><\/p>\n<p>Putem gestiona livrarea m\u0103rfurilor dumneavoastr\u0103\u00a0 \u00een condi\u021bii de siguran\u021b\u0103, securitate \u0219i \u00een timp util, oriunde \u00een Europa, fie c\u0103 este vorba de un singur palet, fie transporturi cu \u00eenc\u0103rc\u0103turi complete multiple.<\/p>\n<p>Furniz\u0103m o experien\u021b\u0103 excep\u021bional\u0103 clien\u021bilor prin expertiza noastr\u0103 aprofundat\u0103 a lan\u021bului de aprovizionare, platforme tehnologice eficiente, \u0219i o re\u021bea de transporturi care se \u00eentinde a nivel \u00a0local \u0219i \u00a0european. De la comercian\u021bi cu am\u0103nuntul \u00a0la produc\u0103tori \u0219i la distribuitori, deservim o gam\u0103 vast\u0103 de clien\u021bi \u00een c\u0103utarea unui serviciu de \u00eenalt\u0103 calitate, livrat la tarife competitive. Fie c\u0103 ave\u021bi nevoie de un serviciu de consolidare, solu\u021bie de \u00eenc\u0103rcare par\u021bial\u0103 sau complet\u0103 sau o opera\u021biune cu realizare integrat\u0103 complet\u0103, v\u0103 asist\u0103m \u00een \u00eembun\u0103t\u0103\u021birea performan\u021bei lan\u021bului dumneavoastr\u0103 de aprovizionare \u0219i reducerea costurilor de logistic\u0103.<\/p>\n<p><span style=\"color: #034ea2;\"><strong>Despre Codul Delamode<\/strong><\/span><\/p>\n<p>Grupul are \u00een prezent peste 1800 de angaja\u021bi, cu reprezentan\u021be na\u021bionale \u00een Marea Britanie, Bulgaria, Lituania, Estonia, Macedonia, Muntenegru, Moldova, Rom\u00e2nia \u0219i Serbia, cu opera\u021biuni \u00een 39 de loca\u021bii. Aceast\u0103 re\u021bea de birouri furnizeaz\u0103 servicii de transport \u00a0\u00een mod regulat \u0219i direct, conect\u00e2nd aceste regiuni cu pie\u021bele globale. Grupul opereaz\u0103, de asemenea. \u00a0facilit\u0103\u021bi de logistic\u0103 \u0219i depozitare, inclusiv opera\u021biuni de comer\u021b electronic, \u00een Marea Britanie, Bulgaria \u0219i Rom\u00e2nia.<\/p>\n<p><\/p>","protected":false},"excerpt":{"rendered":"<p>Conectarea Rom\u00e2niei cu restul lumii Prin solu\u021bii progresiste de transport \u0219i logistic\u0103 Delamode Romania, o divizie a Grupului Delamode, este un furnizor dinamic de servicii de administrare a transporturilor de m\u0103rfuri, furniz\u00e2nd solu\u021bii de \u00eembun\u0103t\u0103\u021bire a lan\u021bului de aprovizionare \u0219i eficientizarea costurilor de logistic\u0103 pentru clien\u021bii no\u0219tri. Cu birouri \u0219i 9 depozite situate pe teritoriul [&hellip;]<\/p>\n","protected":false},"author":1,"featured_media":0,"parent":0,"menu_order":0,"comment_status":"closed","ping_status":"closed","template":"pages\/about_us.php","meta":{"om_disable_all_campaigns":false,"_monsterinsights_skip_tracking":false,"_monsterinsights_sitenote_active":false,"_monsterinsights_sitenote_note":"","_monsterinsights_sitenote_category":0,"_uf_show_specific_survey":0,"_uf_disable_surveys":false},"acf":[],"aioseo_notices":[],"_links":{"self":[{"href":"https:\/\/delamode-romania.com\/ro\/wp-json\/wp\/v2\/pages\/49"}],"collection":[{"href":"https:\/\/delamode-romania.com\/ro\/wp-json\/wp\/v2\/pages"}],"about":[{"href":"https:\/\/delamode-romania.com\/ro\/wp-json\/wp\/v2\/types\/page"}],"author":[{"embeddable":true,"href":"https:\/\/delamode-romania.com\/ro\/wp-json\/wp\/v2\/users\/1"}],"replies":[{"embeddable":true,"href":"https:\/\/delamode-romania.com\/ro\/wp-json\/wp\/v2\/comments?post=49"}],"version-history":[{"count":16,"href":"https:\/\/delamode-romania.com\/ro\/wp-json\/wp\/v2\/pages\/49\/revisions"}],"predecessor-version":[{"id":2440,"href":"https:\/\/delamode-romania.com\/ro\/wp-json\/wp\/v2\/pages\/49\/revisions\/2440"}],"wp:attachment":[{"href":"https:\/\/delamode-romania.com\/ro\/wp-json\/wp\/v2\/media?parent=49"}],"curies":[{"name":"wp","href":"https:\/\/api.w.org\/{rel}","templated":true}]}}