{"id":501,"date":"2017-10-18T19:17:16","date_gmt":"2017-10-18T19:17:16","guid":{"rendered":"http:\/\/www.delamode-romania.com\/?page_id=501"},"modified":"2018-09-06T16:33:35","modified_gmt":"2018-09-06T16:33:35","slug":"delamode-socialineje-ziniasklaidoje","status":"publish","type":"page","link":"https:\/\/delamode-romania.com\/ro\/delamode-socialineje-ziniasklaidoje\/","title":{"rendered":"Delamode \u00een Social Media"},"content":{"rendered":"<p><\/p>\n<p><img decoding=\"async\" class=\"size-full wp-image-837 aligncenter\" src=\"http:\/\/www.delamode-romania.com\/wp-content\/uploads\/2018\/02\/social-media.jpg\" alt=\"\" width=\"100%\" srcset=\"https:\/\/delamode-romania.com\/wp-content\/uploads\/2018\/02\/social-media.jpg 1100w, https:\/\/delamode-romania.com\/wp-content\/uploads\/2018\/02\/social-media-300x82.jpg 300w, https:\/\/delamode-romania.com\/wp-content\/uploads\/2018\/02\/social-media-768x209.jpg 768w, https:\/\/delamode-romania.com\/wp-content\/uploads\/2018\/02\/social-media-1024x279.jpg 1024w\" sizes=\"(max-width: 1100px) 100vw, 1100px\" \/>Urm\u0103ri\u0163i profilul Delamode de pe re\u0163elele de socializare pentru a afla ultimele evolu\u0163ii \u015fi informa\u0163ii privind Grupul de Companii Delamode.<\/p>\n<ul>\n<li>Urm\u0103ri\u0163i Delamode pe\u00a0<a href=\"https:\/\/twitter.com\/delamodegroup\">Twitter<\/a><\/li>\n<li>Urm\u0103ri\u0163i Delamode pe\u00a0<a href=\"http:\/\/www.linkedin.com\/company\/2260601?\">LinkedIn<\/a><\/li>\n<li>Urm\u0103ri\u0163i Delamode pe\u00a0<a href=\"http:\/\/www.facebook.com\/pages\/Delamode\/418459234888692\">Facebook<\/a><\/li>\n<\/ul>\n<p><\/p>","protected":false},"excerpt":{"rendered":"<p>Urm\u0103ri\u0163i profilul Delamode de pe re\u0163elele de socializare pentru a afla ultimele evolu\u0163ii \u015fi informa\u0163ii privind Grupul de Companii Delamode. Urm\u0103ri\u0163i Delamode pe\u00a0Twitter Urm\u0103ri\u0163i Delamode pe\u00a0LinkedIn Urm\u0103ri\u0163i Delamode pe\u00a0Facebook<\/p>\n","protected":false},"author":1,"featured_media":0,"parent":0,"menu_order":0,"comment_status":"closed","ping_status":"closed","template":"pages\/certificates.php","meta":{"om_disable_all_campaigns":false,"_monsterinsights_skip_tracking":false,"_monsterinsights_sitenote_active":false,"_monsterinsights_sitenote_note":"","_monsterinsights_sitenote_category":0,"_uf_show_specific_survey":0,"_uf_disable_surveys":false},"acf":[],"aioseo_notices":[],"_links":{"self":[{"href":"https:\/\/delamode-romania.com\/ro\/wp-json\/wp\/v2\/pages\/501"}],"collection":[{"href":"https:\/\/delamode-romania.com\/ro\/wp-json\/wp\/v2\/pages"}],"about":[{"href":"https:\/\/delamode-romania.com\/ro\/wp-json\/wp\/v2\/types\/page"}],"author":[{"embeddable":true,"href":"https:\/\/delamode-romania.com\/ro\/wp-json\/wp\/v2\/users\/1"}],"replies":[{"embeddable":true,"href":"https:\/\/delamode-romania.com\/ro\/wp-json\/wp\/v2\/comments?post=501"}],"version-history":[{"count":3,"href":"https:\/\/delamode-romania.com\/ro\/wp-json\/wp\/v2\/pages\/501\/revisions"}],"predecessor-version":[{"id":1469,"href":"https:\/\/delamode-romania.com\/ro\/wp-json\/wp\/v2\/pages\/501\/revisions\/1469"}],"wp:attachment":[{"href":"https:\/\/delamode-romania.com\/ro\/wp-json\/wp\/v2\/media?parent=501"}],"curies":[{"name":"wp","href":"https:\/\/api.w.org\/{rel}","templated":true}]}}